{"id":6371,"date":"2020-05-06T12:11:15","date_gmt":"2020-05-06T10:11:15","guid":{"rendered":"https:\/\/www.schlossanger.de\/arrival\/"},"modified":"2024-01-24T09:45:17","modified_gmt":"2024-01-24T08:45:17","slug":"arrival","status":"publish","type":"page","link":"https:\/\/www.schlossanger.de\/en\/arrival\/","title":{"rendered":"Arrival"},"content":{"rendered":"<div class=\"fusion-fullwidth fullwidth-box fusion-builder-row-1 nonhundred-percent-fullwidth non-hundred-percent-height-scrolling noheader intro\" style=\"--awb-background-position:left top;--awb-border-radius-top-left:0px;--awb-border-radius-top-right:0px;--awb-border-radius-bottom-right:0px;--awb-border-radius-bottom-left:0px;--awb-border-sizes-top:0px;--awb-border-sizes-bottom:0px;--awb-flex-wrap:wrap;\" >\n<div class=\"fusion-builder-row fusion-row\">\n<div class=\"fusion-layout-column fusion_builder_column fusion-builder-column-0 fusion_builder_column_1_1 1_1 fusion-one-full fusion-column-first fusion-column-last fusion-animated\" style=\"--awb-padding-top:0%;--awb-padding-right:15%;--awb-padding-bottom:0%;--awb-padding-left:15%;--awb-bg-size:cover;\" data-animationType=\"fadeInDown\" data-animationDuration=\"0.5\" data-animationOffset=\"top-into-view\">\n<div class=\"fusion-column-wrapper fusion-column-has-shadow fusion-flex-column-wrapper-legacy\">\n<div class=\"fusion-text fusion-text-1\">\n<h1>Directions to SCHLOSSANGER ALP<\/h1>\n<\/div>\n<div class=\"fusion-text fusion-text-2\">\n<h2>How easy it is to find us<\/h2>\n<\/div>\n<div class=\"fusion-text fusion-text-3\">\n<p>Genuss am Berg GmbH &amp; Co KG<br \/>Hotel Schlossanger Alp<br \/>\nSchlachter-Ebert family<br \/>\nAm Schlossanger 1 \/ D-87459 Pfronten<\/p>\n<p>Coordinates for your navigation system<br \/>\nN 47\u00b0 34.214 - E 10\u00b0 35.188<br \/>\nLat.: 47.57008 | Long.: 10.58634<\/p>\n<p>Questions for the journey? Please call our reception on <a href=\"tel:+498363914550\">+49 8363 91 4550<\/a>. And of course you can also use it at any time while on the move if you are unsure or have orientation problems.<\/p>\n<\/div>\n<div class=\"fusion-clearfix\"><\/div>\n<\/div>\n<\/div>\n<\/div>\n<\/div>\n<div class=\"fusion-fullwidth fullwidth-box fusion-builder-row-2 nonhundred-percent-fullwidth non-hundred-percent-height-scrolling nospacebottom nospacetop\" style=\"--awb-border-radius-top-left:0px;--awb-border-radius-top-right:0px;--awb-border-radius-bottom-right:0px;--awb-border-radius-bottom-left:0px;--awb-flex-wrap:wrap;\" >\n<div class=\"fusion-builder-row fusion-row\">\n<div class=\"fusion-layout-column fusion_builder_column fusion-builder-column-1 fusion_builder_column_1_1 1_1 fusion-one-full fusion-column-first fusion-column-last\" style=\"--awb-bg-size:cover;\">\n<div class=\"fusion-column-wrapper fusion-column-has-shadow fusion-flex-column-wrapper-legacy\">\n<div class=\"fusion-clearfix\"><\/div>\n<\/div>\n<\/div>\n<\/div>\n<\/div>\n<div class=\"fusion-fullwidth fullwidth-box fusion-builder-row-3 nonhundred-percent-fullwidth non-hundred-percent-height-scrolling medium\" style=\"--awb-background-position:left top;--awb-border-radius-top-left:0px;--awb-border-radius-top-right:0px;--awb-border-radius-bottom-right:0px;--awb-border-radius-bottom-left:0px;--awb-border-sizes-top:0px;--awb-border-sizes-bottom:0px;--awb-flex-wrap:wrap;\" >\n<div class=\"fusion-builder-row fusion-row\">\n<div class=\"fusion-layout-column fusion_builder_column fusion-builder-column-2 fusion_builder_column_1_1 1_1 fusion-one-full fusion-column-first fusion-column-last fusion-animated left\" style=\"--awb-padding-top:0%;--awb-padding-right:15%;--awb-padding-bottom:0%;--awb-padding-left:15%;--awb-bg-size:cover;\" data-animationType=\"fadeInDown\" data-animationDuration=\"0.5\" data-animationOffset=\"top-into-view\">\n<div class=\"fusion-column-wrapper fusion-column-has-shadow fusion-flex-column-wrapper-legacy\">\n<div class=\"fusion-text fusion-text-4\">\n<h3>Arrival by car<\/strong><\/h3>\n<\/div>\n<div class=\"fusion-text fusion-text-5\">\n<p><strong>Arrival via the A7 from Ulm<\/strong><br \/>\nFreeway exit Oy \/ Nesselwang - B309 to Nesselwang, continue towards Pfronten - in Pfronten-Wei\u00dfbach follow the main road towards F\u00fcssen - drive through Pfronten-Wei\u00dfbach, Pfronten-Kreuzegg, continue towards the end of the village - 500 meters after the village sign, leave the traffic circle towards Pfronten - take the 1st exit towards the center of the village - after approx. 250 meters turn left towards Pfronten-Meilingen - after leaving the village follow the sign SCHLOSSANGER - after approx. 2 kilometers turn right into the parking lot with a fork in the road - after approx. 400 meters turn right towards Pfronten-Meilingen. After approx. 250 meters turn left towards Pfronten-Meilingen - after leaving the village follow the sign SCHLOSSANGER - after approx. 2 kilometers parking lot with fork in the road - turn right and follow the steep road to SCHLOSSANGER ALP for 400 meters.<\/p>\n<p><strong>Arrival via Reutte in the direction of F\u00fcssen<\/strong><br \/>\nAfter the border tunnel, take the F\u00fcssen exit - B310 towards Pfronten - approx. 4 kilometers after the Wei\u00dfensee, take the 3rd exit at the traffic circle towards Pfronten - after approx. 250 meters, turn left towards Pfronten-Meilingen - after leaving the village, follow the SCHLOSSANGER sign - after approx. 2 kilometers, there is a parking lot with a fork in the road - turn right and follow the steep road to the SCHLOSSANGER ALP for 400 meters.<\/p>\n<p><strong>Arrival from Munich<\/strong><br \/>\nA 96 direction Lindau - exit Buchloe B12 direction Kempten - exit Marktoberdorf in Marktoberdorf direction Seeg - Eisenberg traffic circle 2nd exit direction Pfronten-Ortsmitte - after approx. 250 meters turn left Pfronten-Meilingen - after leaving the village follow the sign SCHLOSSANGER - after approx. 2 kilometers parking lot with fork in the road - turn right and follow the steep road to SCHLOSSANGER ALP for 400 meters.<\/p>\n<\/div>\n<div class=\"spacer55\"><\/div>\n<div class=\"fusion-text fusion-text-6\">\n<h3>Arrival by plane<\/strong><\/h3>\n<\/div>\n<div class=\"fusion-text fusion-text-7\">\n<p>If you would like to travel by plane, we recommend the airports of Munich, Stuttgart and Memmingen.<\/p>\n<\/div>\n<div class=\"spacer55\"><\/div>\n<div class=\"fusion-text fusion-text-8\">\n<h3>Arrival by train<\/strong><\/h3>\n<\/div>\n<div class=\"fusion-text fusion-text-9\">\n<p>If you are traveling by train via Stuttgart \/ Ulm, we recommend the Pfronten-Ried stop. If you are traveling from Munich \/ Augsburg, please get off at the Weizern-Hopferau stop.<\/p>\n<p>In Pfronten-Ried there is a cab rank directly in front of the station, but unfortunately not in Weizern-Hopferau. We can also pick you up at the respective train station, but please let us know in advance when you will be arriving so that we can plan ahead.<\/p>\n<p>Have a nice trip, have a good journey! We look forward to seeing you.<\/p>\n<\/div>\n<div class=\"fusion-clearfix\"><\/div>\n<\/div>\n<\/div>\n<\/div>\n<\/div>\n<div class=\"fusion-fullwidth fullwidth-box fusion-builder-row-4 nonhundred-percent-fullwidth non-hundred-percent-height-scrolling nospacebottom nospacetop\" style=\"--awb-border-radius-top-left:0px;--awb-border-radius-top-right:0px;--awb-border-radius-bottom-right:0px;--awb-border-radius-bottom-left:0px;--awb-flex-wrap:wrap;\" >\n<div class=\"fusion-builder-row fusion-row\">\n<div class=\"fusion-layout-column fusion_builder_column fusion-builder-column-3 fusion_builder_column_1_1 1_1 fusion-one-full fusion-column-first fusion-column-last\" style=\"--awb-bg-size:cover;\">\n<div class=\"fusion-column-wrapper fusion-column-has-shadow fusion-flex-column-wrapper-legacy\">\n<div class=\"fusion-clearfix\"><\/div>\n<\/div>\n<\/div>\n<\/div>\n<\/div>\n<div class=\"fusion-fullwidth fullwidth-box fusion-builder-row-5 nonhundred-percent-fullwidth non-hundred-percent-height-scrolling package\" style=\"--awb-border-radius-top-left:0px;--awb-border-radius-top-right:0px;--awb-border-radius-bottom-right:0px;--awb-border-radius-bottom-left:0px;--awb-flex-wrap:wrap;\" >\n<div class=\"fusion-builder-row fusion-row\">\n<div class=\"fusion-layout-column fusion_builder_column fusion-builder-column-4 fusion_builder_column_1_1 1_1 fusion-one-full fusion-column-first fusion-column-last fusion-animated medium\" style=\"--awb-bg-blend:overlay;--awb-bg-size:cover;\" data-animationType=\"fadeInDown\" data-animationDuration=\"0.5\" data-animationOffset=\"top-into-view\">\n<div class=\"fusion-column-wrapper fusion-column-has-shadow fusion-flex-column-wrapper-legacy\">\n<div class=\"fusion-text fusion-text-10\">\n<h2>Current OFFERS on the Alp<\/h2>\n<div class=\"package-teaser--wrapper\">\n<div class=\"package-teaser--item\">\n                            <img decoding=\"async\" src=\"\/wp-content\/plugins\/schlossanger-vioma\/var\/cache\/media-233a5e5e7b4e7535687f9cffd00bbf8a.jpg\" alt=\"Dive in & take a deep breath\" loading=\"lazy\"><\/p>\n<div class=\"package-teaser--headline\">Dive in & take a deep breath<\/div>\n<div class=\"package-teaser--description\">Breathe deeply, immerse yourself, focus your body and mind: With the right breathing technique, cold and ice water bathing is not rocket...<\/div>\n<div class=\"package-teaser--detail\"><a href=\"\/en\/offer-details\/dive-in-take-a-deep-breath\">Learn more<\/a><\/div>\n<\/p><\/div>\n<div class=\"package-teaser--item\">\n                            <img decoding=\"async\" src=\"\/wp-content\/plugins\/schlossanger-vioma\/var\/cache\/media-5da882c92951ea277b880acec007f6fc.jpg\" alt=\"Body, mind & soul\" loading=\"lazy\"><\/p>\n<div class=\"package-teaser--headline\">Body, mind & soul<\/div>\n<div class=\"package-teaser--description\">Recharge your batteries - 3 days and 3 nights with yoga on the alp, just for you, to arrive, breathe deeply and be close to yourself. Enjoy...<\/div>\n<div class=\"package-teaser--detail\"><a href=\"\/en\/offer-details\/body-mind-soul\">Learn more<\/a><\/div>\n<\/p><\/div>\n<div class=\"package-teaser--item\">\n                            <img decoding=\"async\" src=\"\/wp-content\/plugins\/schlossanger-vioma\/var\/cache\/media-474a6c7b00229fb8e55270d38ce73336.jpg\" alt=\"Women power\" loading=\"lazy\"><\/p>\n<div class=\"package-teaser--headline\">Women power<\/div>\n<div class=\"package-teaser--description\">Three days and three nights just for you: For all women who want to get away from it all and treat themselves to something special, who like...<\/div>\n<div class=\"package-teaser--detail\"><a href=\"\/en\/offer-details\/women-power\">Learn more<\/a><\/div>\n<\/p><\/div>\n<\/p><\/div>\n<\/div>\n<div class=\"fusion-clearfix\"><\/div>\n<\/div>\n<\/div>\n<\/div>\n<\/div>\n","protected":false},"excerpt":{"rendered":"","protected":false},"author":1,"featured_media":0,"parent":0,"menu_order":0,"comment_status":"closed","ping_status":"closed","template":"100-width.php","meta":{"_uag_custom_page_level_css":"","footnotes":""},"class_list":["post-6371","page","type-page","status-publish","hentry"],"acf":[],"yoast_head":"<!-- This site is optimized with the Yoast SEO plugin v27.4 - https:\/\/yoast.com\/product\/yoast-seo-wordpress\/ -->\n<title>Arrival Allg\u00e4u vacation Hotel SCHLOSSANGER ALP in Pfronten<\/title>\n<meta name=\"description\" content=\"Spectacular location, simple and easy to find: Directions to the Hotel SCHLOSSANGER ALP. N 47\u00b0 34.214 - E 10\u00b0 35.188 Lat.: 47.57008 Long.: 10.58634\" \/>\n<meta name=\"robots\" content=\"index, follow, max-snippet:-1, max-image-preview:large, max-video-preview:-1\" \/>\n<link rel=\"canonical\" href=\"https:\/\/www.schlossanger.de\/en\/arrival\/\" \/>\n<meta property=\"og:locale\" content=\"en_US\" \/>\n<meta property=\"og:type\" content=\"article\" \/>\n<meta property=\"og:title\" content=\"Arrival Allg\u00e4u vacation Hotel SCHLOSSANGER ALP in Pfronten\" \/>\n<meta property=\"og:description\" content=\"Spectacular location, simple and easy to find: Directions to the Hotel SCHLOSSANGER ALP. N 47\u00b0 34.214 - E 10\u00b0 35.188 Lat.: 47.57008 Long.: 10.58634\" \/>\n<meta property=\"og:url\" content=\"https:\/\/www.schlossanger.de\/en\/arrival\/\" \/>\n<meta property=\"og:site_name\" content=\"SCHLOSSANGER ALP\" \/>\n<meta property=\"article:publisher\" content=\"https:\/\/www.facebook.com\/schlossanger.alp\/\" \/>\n<meta property=\"article:modified_time\" content=\"2024-01-24T08:45:17+00:00\" \/>\n<meta property=\"og:image\" content=\"https:\/\/www.schlossanger.de\/wp-content\/uploads\/schlossanger-alp-allgaeu-pfronten.jpg\" \/>\n\t<meta property=\"og:image:width\" content=\"3000\" \/>\n\t<meta property=\"og:image:height\" content=\"2001\" \/>\n\t<meta property=\"og:image:type\" content=\"image\/jpeg\" \/>\n<meta name=\"twitter:card\" content=\"summary_large_image\" \/>\n<script type=\"application\/ld+json\" class=\"yoast-schema-graph\">{\"@context\":\"https:\\\/\\\/schema.org\",\"@graph\":[{\"@type\":\"WebPage\",\"@id\":\"https:\\\/\\\/www.schlossanger.de\\\/en\\\/arrival\\\/\",\"url\":\"https:\\\/\\\/www.schlossanger.de\\\/en\\\/arrival\\\/\",\"name\":\"Arrival Allg\u00e4u vacation Hotel SCHLOSSANGER ALP in Pfronten\",\"isPartOf\":{\"@id\":\"https:\\\/\\\/www.schlossanger.de\\\/en\\\/#website\"},\"datePublished\":\"2020-05-06T10:11:15+00:00\",\"dateModified\":\"2024-01-24T08:45:17+00:00\",\"description\":\"Spectacular location, simple and easy to find: Directions to the Hotel SCHLOSSANGER ALP. N 47\u00b0 34.214 - E 10\u00b0 35.188 Lat.: 47.57008 Long.: 10.58634\",\"breadcrumb\":{\"@id\":\"https:\\\/\\\/www.schlossanger.de\\\/en\\\/arrival\\\/#breadcrumb\"},\"inLanguage\":\"en-US\",\"potentialAction\":[{\"@type\":\"ReadAction\",\"target\":[\"https:\\\/\\\/www.schlossanger.de\\\/en\\\/arrival\\\/\"]}]},{\"@type\":\"BreadcrumbList\",\"@id\":\"https:\\\/\\\/www.schlossanger.de\\\/en\\\/arrival\\\/#breadcrumb\",\"itemListElement\":[{\"@type\":\"ListItem\",\"position\":1,\"name\":\"Startseite\",\"item\":\"https:\\\/\\\/www.schlossanger.de\\\/en\\\/\"},{\"@type\":\"ListItem\",\"position\":2,\"name\":\"Arrival\"}]},{\"@type\":\"WebSite\",\"@id\":\"https:\\\/\\\/www.schlossanger.de\\\/en\\\/#website\",\"url\":\"https:\\\/\\\/www.schlossanger.de\\\/en\\\/\",\"name\":\"SCHLOSSANGER ALP\",\"description\":\"Wellness- und Berghotel im Allg\u00e4u\",\"publisher\":{\"@id\":\"https:\\\/\\\/www.schlossanger.de\\\/en\\\/#organization\"},\"potentialAction\":[{\"@type\":\"SearchAction\",\"target\":{\"@type\":\"EntryPoint\",\"urlTemplate\":\"https:\\\/\\\/www.schlossanger.de\\\/en\\\/?s={search_term_string}\"},\"query-input\":{\"@type\":\"PropertyValueSpecification\",\"valueRequired\":true,\"valueName\":\"search_term_string\"}}],\"inLanguage\":\"en-US\"},{\"@type\":\"Organization\",\"@id\":\"https:\\\/\\\/www.schlossanger.de\\\/en\\\/#organization\",\"name\":\"Hotel SCHLOSSANGER ALP\",\"url\":\"https:\\\/\\\/www.schlossanger.de\\\/en\\\/\",\"logo\":{\"@type\":\"ImageObject\",\"inLanguage\":\"en-US\",\"@id\":\"https:\\\/\\\/www.schlossanger.de\\\/en\\\/#\\\/schema\\\/logo\\\/image\\\/\",\"url\":\"https:\\\/\\\/www.schlossanger.de\\\/wp-content\\\/uploads\\\/Logo-Schlossanger-NEU.png\",\"contentUrl\":\"https:\\\/\\\/www.schlossanger.de\\\/wp-content\\\/uploads\\\/Logo-Schlossanger-NEU.png\",\"width\":953,\"height\":1238,\"caption\":\"Hotel SCHLOSSANGER ALP\"},\"image\":{\"@id\":\"https:\\\/\\\/www.schlossanger.de\\\/en\\\/#\\\/schema\\\/logo\\\/image\\\/\"},\"sameAs\":[\"https:\\\/\\\/www.facebook.com\\\/schlossanger.alp\\\/\",\"https:\\\/\\\/www.instagram.com\\\/berghotel_schlossanger_alp\\\/\"]}]}<\/script>\n<!-- \/ Yoast SEO plugin. -->","yoast_head_json":{"title":"Arrival Allg\u00e4u vacation Hotel SCHLOSSANGER ALP in Pfronten","description":"Spectacular location, simple and easy to find: Directions to the Hotel SCHLOSSANGER ALP. N 47\u00b0 34.214 - E 10\u00b0 35.188 Lat.: 47.57008 Long.: 10.58634","robots":{"index":"index","follow":"follow","max-snippet":"max-snippet:-1","max-image-preview":"max-image-preview:large","max-video-preview":"max-video-preview:-1"},"canonical":"https:\/\/www.schlossanger.de\/en\/arrival\/","og_locale":"en_US","og_type":"article","og_title":"Arrival Allg\u00e4u vacation Hotel SCHLOSSANGER ALP in Pfronten","og_description":"Spectacular location, simple and easy to find: Directions to the Hotel SCHLOSSANGER ALP. N 47\u00b0 34.214 - E 10\u00b0 35.188 Lat.: 47.57008 Long.: 10.58634","og_url":"https:\/\/www.schlossanger.de\/en\/arrival\/","og_site_name":"SCHLOSSANGER ALP","article_publisher":"https:\/\/www.facebook.com\/schlossanger.alp\/","article_modified_time":"2024-01-24T08:45:17+00:00","og_image":[{"width":3000,"height":2001,"url":"https:\/\/www.schlossanger.de\/wp-content\/uploads\/schlossanger-alp-allgaeu-pfronten.jpg","type":"image\/jpeg"}],"twitter_card":"summary_large_image","schema":{"@context":"https:\/\/schema.org","@graph":[{"@type":"WebPage","@id":"https:\/\/www.schlossanger.de\/en\/arrival\/","url":"https:\/\/www.schlossanger.de\/en\/arrival\/","name":"Arrival Allg\u00e4u vacation Hotel SCHLOSSANGER ALP in Pfronten","isPartOf":{"@id":"https:\/\/www.schlossanger.de\/en\/#website"},"datePublished":"2020-05-06T10:11:15+00:00","dateModified":"2024-01-24T08:45:17+00:00","description":"Spectacular location, simple and easy to find: Directions to the Hotel SCHLOSSANGER ALP. N 47\u00b0 34.214 - E 10\u00b0 35.188 Lat.: 47.57008 Long.: 10.58634","breadcrumb":{"@id":"https:\/\/www.schlossanger.de\/en\/arrival\/#breadcrumb"},"inLanguage":"en-US","potentialAction":[{"@type":"ReadAction","target":["https:\/\/www.schlossanger.de\/en\/arrival\/"]}]},{"@type":"BreadcrumbList","@id":"https:\/\/www.schlossanger.de\/en\/arrival\/#breadcrumb","itemListElement":[{"@type":"ListItem","position":1,"name":"Startseite","item":"https:\/\/www.schlossanger.de\/en\/"},{"@type":"ListItem","position":2,"name":"Arrival"}]},{"@type":"WebSite","@id":"https:\/\/www.schlossanger.de\/en\/#website","url":"https:\/\/www.schlossanger.de\/en\/","name":"SCHLOSSANGER ALP","description":"Wellness- und Berghotel im Allg\u00e4u","publisher":{"@id":"https:\/\/www.schlossanger.de\/en\/#organization"},"potentialAction":[{"@type":"SearchAction","target":{"@type":"EntryPoint","urlTemplate":"https:\/\/www.schlossanger.de\/en\/?s={search_term_string}"},"query-input":{"@type":"PropertyValueSpecification","valueRequired":true,"valueName":"search_term_string"}}],"inLanguage":"en-US"},{"@type":"Organization","@id":"https:\/\/www.schlossanger.de\/en\/#organization","name":"Hotel SCHLOSSANGER ALP","url":"https:\/\/www.schlossanger.de\/en\/","logo":{"@type":"ImageObject","inLanguage":"en-US","@id":"https:\/\/www.schlossanger.de\/en\/#\/schema\/logo\/image\/","url":"https:\/\/www.schlossanger.de\/wp-content\/uploads\/Logo-Schlossanger-NEU.png","contentUrl":"https:\/\/www.schlossanger.de\/wp-content\/uploads\/Logo-Schlossanger-NEU.png","width":953,"height":1238,"caption":"Hotel SCHLOSSANGER ALP"},"image":{"@id":"https:\/\/www.schlossanger.de\/en\/#\/schema\/logo\/image\/"},"sameAs":["https:\/\/www.facebook.com\/schlossanger.alp\/","https:\/\/www.instagram.com\/berghotel_schlossanger_alp\/"]}]}},"uagb_featured_image_src":{"full":false,"thumbnail":false,"medium":false,"medium_large":false,"large":false,"1536x1536":false,"2048x2048":false,"blog-large":false,"blog-medium":false,"recent-posts":false,"recent-works-thumbnail":false,"fusion-200":false,"fusion-400":false,"fusion-600":false,"fusion-800":false,"fusion-1200":false,"portfolio-full":false,"portfolio-one":false,"portfolio-two":false,"portfolio-three":false,"portfolio-five":false},"uagb_author_info":{"display_name":"admin","author_link":"https:\/\/www.schlossanger.de\/en\/author\/admin\/"},"uagb_comment_info":0,"uagb_excerpt":null,"_links":{"self":[{"href":"https:\/\/www.schlossanger.de\/en\/wp-json\/wp\/v2\/pages\/6371","targetHints":{"allow":["GET"]}}],"collection":[{"href":"https:\/\/www.schlossanger.de\/en\/wp-json\/wp\/v2\/pages"}],"about":[{"href":"https:\/\/www.schlossanger.de\/en\/wp-json\/wp\/v2\/types\/page"}],"author":[{"embeddable":true,"href":"https:\/\/www.schlossanger.de\/en\/wp-json\/wp\/v2\/users\/1"}],"replies":[{"embeddable":true,"href":"https:\/\/www.schlossanger.de\/en\/wp-json\/wp\/v2\/comments?post=6371"}],"version-history":[{"count":0,"href":"https:\/\/www.schlossanger.de\/en\/wp-json\/wp\/v2\/pages\/6371\/revisions"}],"wp:attachment":[{"href":"https:\/\/www.schlossanger.de\/en\/wp-json\/wp\/v2\/media?parent=6371"}],"curies":[{"name":"wp","href":"https:\/\/api.w.org\/{rel}","templated":true}]}}