{"id":6471,"date":"2020-12-14T13:19:04","date_gmt":"2020-12-14T12:19:04","guid":{"rendered":"https:\/\/www.schlossanger.de\/webcam\/"},"modified":"2024-01-24T09:45:30","modified_gmt":"2024-01-24T08:45:30","slug":"webcam","status":"publish","type":"page","link":"https:\/\/www.schlossanger.de\/en\/webcam\/","title":{"rendered":"Webcam"},"content":{"rendered":"<div class=\"fusion-fullwidth fullwidth-box fusion-builder-row-1 nonhundred-percent-fullwidth non-hundred-percent-height-scrolling noheader intro\" style=\"--awb-background-position:left top;--awb-border-sizes-top:0px;--awb-border-sizes-bottom:0px;--awb-border-sizes-left:0px;--awb-border-sizes-right:0px;--awb-border-radius-top-left:0px;--awb-border-radius-top-right:0px;--awb-border-radius-bottom-right:0px;--awb-border-radius-bottom-left:0px;--awb-flex-wrap:wrap;\" >\n<div class=\"fusion-builder-row fusion-row\">\n<div class=\"fusion-layout-column fusion_builder_column fusion-builder-column-0 fusion_builder_column_1_1 1_1 fusion-one-full fusion-column-first fusion-column-last fusion-animated\" style=\"--awb-padding-top:0%;--awb-padding-right:15%;--awb-padding-bottom:0%;--awb-padding-left:15%;--awb-bg-size:cover;\" data-animationType=\"fadeInDown\" data-animationDuration=\"0.5\" data-animationOffset=\"top-into-view\">\n<div class=\"fusion-column-wrapper fusion-column-has-shadow fusion-flex-column-wrapper-legacy\">\n<div class=\"fusion-text fusion-text-1\">\n<h1>Webcam view of the SCHLOSSANGER<\/h1>\n<\/div>\n<div class=\"fusion-text fusion-text-2\">\n<h2>From the Vils valley to the Wei\u00dfensee,<br \/>\nfrom Pfronten to Nesselwang<\/h2>\n<\/div>\n<div class=\"fusion-text fusion-text-3\">\n<p>Enjoy with us the view of the SCHLOSSANGER ALP and the panoramic view of the Allg\u00e4u Alps from the Falkenstein: 360 degrees of glory, for all weathers, day and night, glistening powder snow and cheerful summer sun.<\/p>\n<\/div>\n<div class=\"fusion-clearfix\"><\/div>\n<\/div>\n<\/div>\n<\/div>\n<\/div>\n<div class=\"fusion-fullwidth fullwidth-box fusion-builder-row-2 fusion-flex-container nonhundred-percent-fullwidth non-hundred-percent-height-scrolling max70 centercontent\" style=\"--awb-border-radius-top-left:0px;--awb-border-radius-top-right:0px;--awb-border-radius-bottom-right:0px;--awb-border-radius-bottom-left:0px;--awb-flex-wrap:wrap;\" >\n<div class=\"fusion-builder-row fusion-row fusion-flex-align-items-flex-start fusion-flex-content-wrap\" style=\"max-width:1352px;margin-left: calc(-4% \/ 2 );margin-right: calc(-4% \/ 2 );\">\n<div class=\"fusion-layout-column fusion_builder_column fusion-builder-column-1 fusion_builder_column_1_1 1_1 fusion-flex-column\" style=\"--awb-bg-size:cover;--awb-width-large:100%;--awb-margin-top-large:0px;--awb-spacing-right-large:1.92%;--awb-margin-bottom-large:50px;--awb-spacing-left-large:1.92%;--awb-width-medium:100%;--awb-order-medium:0;--awb-spacing-right-medium:1.92%;--awb-spacing-left-medium:1.92%;--awb-width-small:100%;--awb-order-small:0;--awb-spacing-right-small:1.92%;--awb-spacing-left-small:1.92%;\">\n<div class=\"fusion-column-wrapper fusion-column-has-shadow fusion-flex-justify-content-flex-start fusion-content-layout-column\"><script type=\"text\/javascript\" src=\"https:\/\/static.panomax.com\/front\/thumbnail\/js\/pmaxthumbnail.js\"><\/script><script type=\"text\/javascript\">PmaxThumbnail.place({\n\"instance\":231,\n\"height\":\"600px\",\n  \"width\":\"100%\",\n\"continuous\":false,\n\"map\":false,\n\"instanceName\":false,\n\"weather\":false,\n\"instanceLogo\":false,\n\"timelapse\":false,\n\"noLink\":true\n});\n<\/script><\/div>\n<\/div>\n<\/div>\n<\/div>\n<div class=\"fusion-fullwidth fullwidth-box fusion-builder-row-3 nonhundred-percent-fullwidth non-hundred-percent-height-scrolling nospacebottom nospacetop\" style=\"--awb-border-radius-top-left:0px;--awb-border-radius-top-right:0px;--awb-border-radius-bottom-right:0px;--awb-border-radius-bottom-left:0px;--awb-flex-wrap:wrap;\" >\n<div class=\"fusion-builder-row fusion-row\">\n<div class=\"fusion-layout-column fusion_builder_column fusion-builder-column-2 fusion_builder_column_1_1 1_1 fusion-one-full fusion-column-first fusion-column-last\" style=\"--awb-bg-size:cover;\">\n<div class=\"fusion-column-wrapper fusion-column-has-shadow fusion-flex-column-wrapper-legacy\">\n<div class=\"fusion-clearfix\"><\/div>\n<\/div>\n<\/div>\n<\/div>\n<\/div>\n<div class=\"fusion-fullwidth fullwidth-box fusion-builder-row-4 nonhundred-percent-fullwidth non-hundred-percent-height-scrolling package\" style=\"--awb-border-radius-top-left:0px;--awb-border-radius-top-right:0px;--awb-border-radius-bottom-right:0px;--awb-border-radius-bottom-left:0px;--awb-flex-wrap:wrap;\" >\n<div class=\"fusion-builder-row fusion-row\">\n<div class=\"fusion-layout-column fusion_builder_column fusion-builder-column-3 fusion_builder_column_1_1 1_1 fusion-one-full fusion-column-first fusion-column-last fusion-animated medium\" style=\"--awb-bg-blend:overlay;--awb-bg-size:cover;\" data-animationType=\"fadeInDown\" data-animationDuration=\"0.5\" data-animationOffset=\"top-into-view\">\n<div class=\"fusion-column-wrapper fusion-column-has-shadow fusion-flex-column-wrapper-legacy\">\n<div class=\"fusion-text fusion-text-4\">\n<h2>Current OFFERS on the Alp<\/h2>\n<div class=\"package-teaser--wrapper\">\n<div class=\"package-teaser--item\">\n                            <img decoding=\"async\" src=\"\/wp-content\/plugins\/schlossanger-vioma\/var\/cache\/media-233a5e5e7b4e7535687f9cffd00bbf8a.jpg\" alt=\"Dive in & take a deep breath\" loading=\"lazy\"><\/p>\n<div class=\"package-teaser--headline\">Dive in & take a deep breath<\/div>\n<div class=\"package-teaser--description\">Breathe deeply, immerse yourself, focus your body and mind: With the right breathing technique, cold and ice water bathing is not rocket...<\/div>\n<div class=\"package-teaser--detail\"><a href=\"\/en\/offer-details\/dive-in-take-a-deep-breath\">Learn more<\/a><\/div>\n<\/p><\/div>\n<div class=\"package-teaser--item\">\n                            <img decoding=\"async\" src=\"\/wp-content\/plugins\/schlossanger-vioma\/var\/cache\/media-5da882c92951ea277b880acec007f6fc.jpg\" alt=\"Body, mind & soul\" loading=\"lazy\"><\/p>\n<div class=\"package-teaser--headline\">Body, mind & soul<\/div>\n<div class=\"package-teaser--description\">Recharge your batteries - 3 days and 3 nights with yoga on the alp, just for you, to arrive, breathe deeply and be close to yourself. Enjoy...<\/div>\n<div class=\"package-teaser--detail\"><a href=\"\/en\/offer-details\/body-mind-soul\">Learn more<\/a><\/div>\n<\/p><\/div>\n<div class=\"package-teaser--item\">\n                            <img decoding=\"async\" src=\"\/wp-content\/plugins\/schlossanger-vioma\/var\/cache\/media-474a6c7b00229fb8e55270d38ce73336.jpg\" alt=\"Women power\" loading=\"lazy\"><\/p>\n<div class=\"package-teaser--headline\">Women power<\/div>\n<div class=\"package-teaser--description\">Three days and three nights just for you: For all women who want to get away from it all and treat themselves to something special, who like...<\/div>\n<div class=\"package-teaser--detail\"><a href=\"\/en\/offer-details\/women-power\">Learn more<\/a><\/div>\n<\/p><\/div>\n<\/p><\/div>\n<\/div>\n<div class=\"fusion-clearfix\"><\/div>\n<\/div>\n<\/div>\n<\/div>\n<\/div>\n","protected":false},"excerpt":{"rendered":"","protected":false},"author":1,"featured_media":0,"parent":0,"menu_order":0,"comment_status":"closed","ping_status":"closed","template":"100-width.php","meta":{"_uag_custom_page_level_css":"","footnotes":""},"class_list":["post-6471","page","type-page","status-publish","hentry"],"acf":[],"yoast_head":"<!-- This site is optimized with the Yoast SEO plugin v27.5 - https:\/\/yoast.com\/product\/yoast-seo-wordpress\/ -->\n<title>Webcam Allg\u00e4u Alps: View of the SCHLOSSANGER ALP<\/title>\n<meta name=\"description\" content=\"Panoramic view of the Allg\u00e4u Alps and the SCHLOSSANGER ALP mountain hotel from the Falkenstein: 360 degree panorama for Wei\u00dfensee, Vils valley, Nesselwang.\" \/>\n<meta name=\"robots\" content=\"noindex, follow\" \/>\n<meta property=\"og:locale\" content=\"en_US\" \/>\n<meta property=\"og:type\" content=\"article\" \/>\n<meta property=\"og:title\" content=\"Webcam Allg\u00e4u Alps: View of the SCHLOSSANGER ALP\" \/>\n<meta property=\"og:description\" content=\"Panoramic view of the Allg\u00e4u Alps and the SCHLOSSANGER ALP mountain hotel from the Falkenstein: 360 degree panorama for Wei\u00dfensee, Vils valley, Nesselwang.\" \/>\n<meta property=\"og:url\" content=\"https:\/\/www.schlossanger.de\/en\/webcam\/\" \/>\n<meta property=\"og:site_name\" content=\"SCHLOSSANGER ALP\" \/>\n<meta property=\"article:publisher\" content=\"https:\/\/www.facebook.com\/schlossanger.alp\/\" \/>\n<meta property=\"article:modified_time\" content=\"2024-01-24T08:45:30+00:00\" \/>\n<meta property=\"og:image\" content=\"https:\/\/www.schlossanger.de\/wp-content\/uploads\/schlossanger-alp-allgaeu-pfronten.jpg\" \/>\n\t<meta property=\"og:image:width\" content=\"3000\" \/>\n\t<meta property=\"og:image:height\" content=\"2001\" \/>\n\t<meta property=\"og:image:type\" content=\"image\/jpeg\" \/>\n<meta name=\"twitter:card\" content=\"summary_large_image\" \/>\n<script type=\"application\/ld+json\" class=\"yoast-schema-graph\">{\"@context\":\"https:\\\/\\\/schema.org\",\"@graph\":[{\"@type\":\"WebPage\",\"@id\":\"https:\\\/\\\/www.schlossanger.de\\\/en\\\/webcam\\\/\",\"url\":\"https:\\\/\\\/www.schlossanger.de\\\/en\\\/webcam\\\/\",\"name\":\"Webcam Allg\u00e4u Alps: View of the SCHLOSSANGER ALP\",\"isPartOf\":{\"@id\":\"https:\\\/\\\/www.schlossanger.de\\\/en\\\/#website\"},\"datePublished\":\"2020-12-14T12:19:04+00:00\",\"dateModified\":\"2024-01-24T08:45:30+00:00\",\"description\":\"Panoramic view of the Allg\u00e4u Alps and the SCHLOSSANGER ALP mountain hotel from the Falkenstein: 360 degree panorama for Wei\u00dfensee, Vils valley, Nesselwang.\",\"breadcrumb\":{\"@id\":\"https:\\\/\\\/www.schlossanger.de\\\/en\\\/webcam\\\/#breadcrumb\"},\"inLanguage\":\"en-US\",\"potentialAction\":[{\"@type\":\"ReadAction\",\"target\":[\"https:\\\/\\\/www.schlossanger.de\\\/en\\\/webcam\\\/\"]}]},{\"@type\":\"BreadcrumbList\",\"@id\":\"https:\\\/\\\/www.schlossanger.de\\\/en\\\/webcam\\\/#breadcrumb\",\"itemListElement\":[{\"@type\":\"ListItem\",\"position\":1,\"name\":\"Startseite\",\"item\":\"https:\\\/\\\/www.schlossanger.de\\\/en\\\/\"},{\"@type\":\"ListItem\",\"position\":2,\"name\":\"Webcam\"}]},{\"@type\":\"WebSite\",\"@id\":\"https:\\\/\\\/www.schlossanger.de\\\/en\\\/#website\",\"url\":\"https:\\\/\\\/www.schlossanger.de\\\/en\\\/\",\"name\":\"SCHLOSSANGER ALP\",\"description\":\"Wellness- und Berghotel im Allg\u00e4u\",\"publisher\":{\"@id\":\"https:\\\/\\\/www.schlossanger.de\\\/en\\\/#organization\"},\"potentialAction\":[{\"@type\":\"SearchAction\",\"target\":{\"@type\":\"EntryPoint\",\"urlTemplate\":\"https:\\\/\\\/www.schlossanger.de\\\/en\\\/?s={search_term_string}\"},\"query-input\":{\"@type\":\"PropertyValueSpecification\",\"valueRequired\":true,\"valueName\":\"search_term_string\"}}],\"inLanguage\":\"en-US\"},{\"@type\":\"Organization\",\"@id\":\"https:\\\/\\\/www.schlossanger.de\\\/en\\\/#organization\",\"name\":\"Hotel SCHLOSSANGER ALP\",\"url\":\"https:\\\/\\\/www.schlossanger.de\\\/en\\\/\",\"logo\":{\"@type\":\"ImageObject\",\"inLanguage\":\"en-US\",\"@id\":\"https:\\\/\\\/www.schlossanger.de\\\/en\\\/#\\\/schema\\\/logo\\\/image\\\/\",\"url\":\"https:\\\/\\\/www.schlossanger.de\\\/wp-content\\\/uploads\\\/Logo-Schlossanger-NEU.png\",\"contentUrl\":\"https:\\\/\\\/www.schlossanger.de\\\/wp-content\\\/uploads\\\/Logo-Schlossanger-NEU.png\",\"width\":953,\"height\":1238,\"caption\":\"Hotel SCHLOSSANGER ALP\"},\"image\":{\"@id\":\"https:\\\/\\\/www.schlossanger.de\\\/en\\\/#\\\/schema\\\/logo\\\/image\\\/\"},\"sameAs\":[\"https:\\\/\\\/www.facebook.com\\\/schlossanger.alp\\\/\",\"https:\\\/\\\/www.instagram.com\\\/berghotel_schlossanger_alp\\\/\"]}]}<\/script>\n<!-- \/ Yoast SEO plugin. -->","yoast_head_json":{"title":"Webcam Allg\u00e4u Alps: View of the SCHLOSSANGER ALP","description":"Panoramic view of the Allg\u00e4u Alps and the SCHLOSSANGER ALP mountain hotel from the Falkenstein: 360 degree panorama for Wei\u00dfensee, Vils valley, Nesselwang.","robots":{"index":"noindex","follow":"follow"},"og_locale":"en_US","og_type":"article","og_title":"Webcam Allg\u00e4u Alps: View of the SCHLOSSANGER ALP","og_description":"Panoramic view of the Allg\u00e4u Alps and the SCHLOSSANGER ALP mountain hotel from the Falkenstein: 360 degree panorama for Wei\u00dfensee, Vils valley, Nesselwang.","og_url":"https:\/\/www.schlossanger.de\/en\/webcam\/","og_site_name":"SCHLOSSANGER ALP","article_publisher":"https:\/\/www.facebook.com\/schlossanger.alp\/","article_modified_time":"2024-01-24T08:45:30+00:00","og_image":[{"width":3000,"height":2001,"url":"https:\/\/www.schlossanger.de\/wp-content\/uploads\/schlossanger-alp-allgaeu-pfronten.jpg","type":"image\/jpeg"}],"twitter_card":"summary_large_image","schema":{"@context":"https:\/\/schema.org","@graph":[{"@type":"WebPage","@id":"https:\/\/www.schlossanger.de\/en\/webcam\/","url":"https:\/\/www.schlossanger.de\/en\/webcam\/","name":"Webcam Allg\u00e4u Alps: View of the SCHLOSSANGER ALP","isPartOf":{"@id":"https:\/\/www.schlossanger.de\/en\/#website"},"datePublished":"2020-12-14T12:19:04+00:00","dateModified":"2024-01-24T08:45:30+00:00","description":"Panoramic view of the Allg\u00e4u Alps and the SCHLOSSANGER ALP mountain hotel from the Falkenstein: 360 degree panorama for Wei\u00dfensee, Vils valley, Nesselwang.","breadcrumb":{"@id":"https:\/\/www.schlossanger.de\/en\/webcam\/#breadcrumb"},"inLanguage":"en-US","potentialAction":[{"@type":"ReadAction","target":["https:\/\/www.schlossanger.de\/en\/webcam\/"]}]},{"@type":"BreadcrumbList","@id":"https:\/\/www.schlossanger.de\/en\/webcam\/#breadcrumb","itemListElement":[{"@type":"ListItem","position":1,"name":"Startseite","item":"https:\/\/www.schlossanger.de\/en\/"},{"@type":"ListItem","position":2,"name":"Webcam"}]},{"@type":"WebSite","@id":"https:\/\/www.schlossanger.de\/en\/#website","url":"https:\/\/www.schlossanger.de\/en\/","name":"SCHLOSSANGER ALP","description":"Wellness- und Berghotel im Allg\u00e4u","publisher":{"@id":"https:\/\/www.schlossanger.de\/en\/#organization"},"potentialAction":[{"@type":"SearchAction","target":{"@type":"EntryPoint","urlTemplate":"https:\/\/www.schlossanger.de\/en\/?s={search_term_string}"},"query-input":{"@type":"PropertyValueSpecification","valueRequired":true,"valueName":"search_term_string"}}],"inLanguage":"en-US"},{"@type":"Organization","@id":"https:\/\/www.schlossanger.de\/en\/#organization","name":"Hotel SCHLOSSANGER ALP","url":"https:\/\/www.schlossanger.de\/en\/","logo":{"@type":"ImageObject","inLanguage":"en-US","@id":"https:\/\/www.schlossanger.de\/en\/#\/schema\/logo\/image\/","url":"https:\/\/www.schlossanger.de\/wp-content\/uploads\/Logo-Schlossanger-NEU.png","contentUrl":"https:\/\/www.schlossanger.de\/wp-content\/uploads\/Logo-Schlossanger-NEU.png","width":953,"height":1238,"caption":"Hotel SCHLOSSANGER ALP"},"image":{"@id":"https:\/\/www.schlossanger.de\/en\/#\/schema\/logo\/image\/"},"sameAs":["https:\/\/www.facebook.com\/schlossanger.alp\/","https:\/\/www.instagram.com\/berghotel_schlossanger_alp\/"]}]}},"uagb_featured_image_src":{"full":false,"thumbnail":false,"medium":false,"medium_large":false,"large":false,"1536x1536":false,"2048x2048":false,"blog-large":false,"blog-medium":false,"recent-posts":false,"recent-works-thumbnail":false,"fusion-200":false,"fusion-400":false,"fusion-600":false,"fusion-800":false,"fusion-1200":false,"portfolio-full":false,"portfolio-one":false,"portfolio-two":false,"portfolio-three":false,"portfolio-five":false},"uagb_author_info":{"display_name":"admin","author_link":"https:\/\/www.schlossanger.de\/en\/author\/admin\/"},"uagb_comment_info":0,"uagb_excerpt":null,"_links":{"self":[{"href":"https:\/\/www.schlossanger.de\/en\/wp-json\/wp\/v2\/pages\/6471","targetHints":{"allow":["GET"]}}],"collection":[{"href":"https:\/\/www.schlossanger.de\/en\/wp-json\/wp\/v2\/pages"}],"about":[{"href":"https:\/\/www.schlossanger.de\/en\/wp-json\/wp\/v2\/types\/page"}],"author":[{"embeddable":true,"href":"https:\/\/www.schlossanger.de\/en\/wp-json\/wp\/v2\/users\/1"}],"replies":[{"embeddable":true,"href":"https:\/\/www.schlossanger.de\/en\/wp-json\/wp\/v2\/comments?post=6471"}],"version-history":[{"count":0,"href":"https:\/\/www.schlossanger.de\/en\/wp-json\/wp\/v2\/pages\/6471\/revisions"}],"wp:attachment":[{"href":"https:\/\/www.schlossanger.de\/en\/wp-json\/wp\/v2\/media?parent=6471"}],"curies":[{"name":"wp","href":"https:\/\/api.w.org\/{rel}","templated":true}]}}